{"id":54253,"date":"2018-01-26T16:41:58","date_gmt":"2018-01-26T15:41:58","guid":{"rendered":"https:\/\/premium-speakers.com\/about-en\/"},"modified":"2025-05-12T08:56:58","modified_gmt":"2025-05-12T06:56:58","slug":"about","status":"publish","type":"page","link":"https:\/\/premium-speakers.com\/en\/about\/","title":{"rendered":"We for You"},"content":{"rendered":"<h2>The Premium Speakers Agency &#8211; Your personal Speakers Bureau<\/h2>\n<p>The speaker agency: Through years of personal experience in the conference and convention business and our global network, we are always able to find the right speaker, keynote speaker, forward and lateral thinker, sportsman, entrepreneur, moderator, speaker, artist, musician and entrepreneur for you.<\/p>\n<p><strong>We offer you<\/strong><br \/>\nThe quality of the speakers plays an important role in the success of your event. As an internationally active agency, we have worldwide contacts to leading personalities: Thinkers, visionaries, scientists, artists, athletes, politicians, motivators, success strategists, adventurers and other extraordinary people &#8211; we support you in making the right choice for your event and topics, provide you with new ideas, provide you with all the information you need and clarify the availability and all organizational details with the speaker. We accompany your planning process from the beginning. Only when your event is finished and you have evaluated our speaker is our task complete.<\/p>\n<p><strong>Your benefit<\/strong><br \/>\nOur high quality of service saves you time spent on searching and researching personalities and speakers. Since we ourselves are the owner and organizer of one of the most renowned events in Europe, such as the International Alpine Symposium, we know your needs, questions and challenges as organizers only too well.<\/p>\n<p><strong>Our goal<\/strong><br \/>\nOur goal is to help you make your events a success with the help of outstanding personalities and experts as well as the latest findings from business, politics, media, science, education, research, culture and sports, and to provide new impulses for successfully mastering the challenges of tomorrow.<\/p>\n<p>Together with our partners we have worldwide contacts to leading personalities. We work together with internationally renowned speakers all over the world. These include such personalities as Sir Bob Geldof, Sir Richard Branson, Joschka Fischer, Nouriel Roubini, Anton Mosimann, Dr. Josef Ackermann, Joseph Stiglitz, Dr. Auma Obama, Garry Kasparov, Jens Korte, Kristina Vogel, Oliver Kahn, Philipp Riederle, George Clooney, Felix Baumgartner, Jos\u00e9 Manuel Barroso, Christian Bl\u00fcmelhuber, Anders Indset, Yanis Varoufakis, Peer Steinbr\u00fcck, Jane Goodall, Hyeonseo Lee, Thomas M\u00fcller, Gregor Gysi, Uli Hoeness, Klaus Wowereit, Wolfgang Bosbach, Christiana Figueres, Steve Wozniak, Lamia Messari-Becker and others.<\/p>\n","protected":false},"excerpt":{"rendered":"<p>The Premium Speakers Agency &#8211; Your personal Speakers Bureau The speaker agency: Through years of personal experience in the conference [&hellip;]<\/p>\n","protected":false},"author":1,"featured_media":42682,"parent":0,"menu_order":1,"comment_status":"closed","ping_status":"closed","template":"","meta":{"_acf_changed":false,"footnotes":""},"class_list":["post-54253","page","type-page","status-publish","has-post-thumbnail","hentry"],"acf":[],"yoast_head":"<!-- This site is optimized with the Yoast SEO Premium plugin v26.8 (Yoast SEO v26.8) - https:\/\/yoast.com\/product\/yoast-seo-premium-wordpress\/ -->\n<title>How can we assist you? | The Premium Speakers Agency<\/title>\n<meta name=\"description\" content=\"The Premium Speakers Agency - Inspirational &amp; Motivational Speaker. How can we assist you? Please send mail to welcome@premium-speakers.com\" \/>\n<meta name=\"robots\" content=\"index, follow, max-snippet:-1, max-image-preview:large, max-video-preview:-1\" \/>\n<link rel=\"canonical\" href=\"https:\/\/premium-speakers.com\/en\/about\/\" \/>\n<meta property=\"og:locale\" content=\"en_US\" \/>\n<meta property=\"og:type\" content=\"article\" \/>\n<meta property=\"og:title\" content=\"We for You\" \/>\n<meta property=\"og:description\" content=\"The Premium Speakers Agency - Inspirational &amp; Motivational Speaker. How can we assist you? Please send mail to welcome@premium-speakers.com\" \/>\n<meta property=\"og:url\" content=\"https:\/\/premium-speakers.com\/en\/about\/\" \/>\n<meta property=\"og:site_name\" content=\"Premium Speakers\" \/>\n<meta property=\"article:publisher\" content=\"https:\/\/www.facebook.com\/PremiumSpeakers\" \/>\n<meta property=\"article:modified_time\" content=\"2025-05-12T06:56:58+00:00\" \/>\n<meta property=\"og:image\" content=\"https:\/\/premium-speakers.com\/wp-content\/uploads\/2018\/01\/404.jpg\" \/>\n\t<meta property=\"og:image:width\" content=\"1024\" \/>\n\t<meta property=\"og:image:height\" content=\"683\" \/>\n\t<meta property=\"og:image:type\" content=\"image\/jpeg\" \/>\n<meta name=\"twitter:card\" content=\"summary_large_image\" \/>\n<meta name=\"twitter:site\" content=\"@PremiumSpeakers\" \/>\n<meta name=\"twitter:label1\" content=\"Est. reading time\" \/>\n\t<meta name=\"twitter:data1\" content=\"2 minutes\" \/>\n<script type=\"application\/ld+json\" class=\"yoast-schema-graph\">{\"@context\":\"https:\/\/schema.org\",\"@graph\":[{\"@type\":\"WebPage\",\"@id\":\"https:\/\/premium-speakers.com\/en\/about\/\",\"url\":\"https:\/\/premium-speakers.com\/en\/about\/\",\"name\":\"How can we assist you? | The Premium Speakers Agency\",\"isPartOf\":{\"@id\":\"https:\/\/premium-speakers.com\/en\/#website\"},\"primaryImageOfPage\":{\"@id\":\"https:\/\/premium-speakers.com\/en\/about\/#primaryimage\"},\"image\":{\"@id\":\"https:\/\/premium-speakers.com\/en\/about\/#primaryimage\"},\"thumbnailUrl\":\"https:\/\/premium-speakers.com\/wp-content\/uploads\/2018\/01\/404.jpg\",\"datePublished\":\"2018-01-26T15:41:58+00:00\",\"dateModified\":\"2025-05-12T06:56:58+00:00\",\"description\":\"The Premium Speakers Agency - Inspirational & Motivational Speaker. How can we assist you? Please send mail to welcome@premium-speakers.com\",\"breadcrumb\":{\"@id\":\"https:\/\/premium-speakers.com\/en\/about\/#breadcrumb\"},\"inLanguage\":\"en-US\",\"potentialAction\":[{\"@type\":\"ReadAction\",\"target\":[\"https:\/\/premium-speakers.com\/en\/about\/\"]}]},{\"@type\":\"ImageObject\",\"inLanguage\":\"en-US\",\"@id\":\"https:\/\/premium-speakers.com\/en\/about\/#primaryimage\",\"url\":\"https:\/\/premium-speakers.com\/wp-content\/uploads\/2018\/01\/404.jpg\",\"contentUrl\":\"https:\/\/premium-speakers.com\/wp-content\/uploads\/2018\/01\/404.jpg\",\"width\":1024,\"height\":683,\"caption\":\"Redneragentur Premium Speakers - Ueber uns\"},{\"@type\":\"BreadcrumbList\",\"@id\":\"https:\/\/premium-speakers.com\/en\/about\/#breadcrumb\",\"itemListElement\":[{\"@type\":\"ListItem\",\"position\":1,\"name\":\"Home\",\"item\":\"https:\/\/premium-speakers.com\/en\/\"},{\"@type\":\"ListItem\",\"position\":2,\"name\":\"We for You\"}]},{\"@type\":\"WebSite\",\"@id\":\"https:\/\/premium-speakers.com\/en\/#website\",\"url\":\"https:\/\/premium-speakers.com\/en\/\",\"name\":\"Premium Speakers\",\"description\":\"Agentur f\u00fcr Referenten Vermittlung\",\"publisher\":{\"@id\":\"https:\/\/premium-speakers.com\/en\/#organization\"},\"potentialAction\":[{\"@type\":\"SearchAction\",\"target\":{\"@type\":\"EntryPoint\",\"urlTemplate\":\"https:\/\/premium-speakers.com\/en\/?s={search_term_string}\"},\"query-input\":{\"@type\":\"PropertyValueSpecification\",\"valueRequired\":true,\"valueName\":\"search_term_string\"}}],\"inLanguage\":\"en-US\"},{\"@type\":\"Organization\",\"@id\":\"https:\/\/premium-speakers.com\/en\/#organization\",\"name\":\"Premium Speakers\",\"url\":\"https:\/\/premium-speakers.com\/en\/\",\"logo\":{\"@type\":\"ImageObject\",\"inLanguage\":\"en-US\",\"@id\":\"https:\/\/premium-speakers.com\/en\/#\/schema\/logo\/image\/\",\"url\":\"https:\/\/premium-speakers.com\/wp-content\/uploads\/2018\/03\/logo.png\",\"contentUrl\":\"https:\/\/premium-speakers.com\/wp-content\/uploads\/2018\/03\/logo.png\",\"width\":1534,\"height\":722,\"caption\":\"Premium Speakers\"},\"image\":{\"@id\":\"https:\/\/premium-speakers.com\/en\/#\/schema\/logo\/image\/\"},\"sameAs\":[\"https:\/\/www.facebook.com\/PremiumSpeakers\",\"https:\/\/x.com\/PremiumSpeakers\",\"https:\/\/www.instagram.com\/premium_speakers\/\",\"https:\/\/www.linkedin.com\/company\/premium-speakers\",\"https:\/\/www.youtube.com\/channel\/UCrb9-cJEYUpbyi6KMAmZlCQ\"]}]}<\/script>\n<!-- \/ Yoast SEO Premium plugin. -->","yoast_head_json":{"title":"How can we assist you? | The Premium Speakers Agency","description":"The Premium Speakers Agency - Inspirational & Motivational Speaker. How can we assist you? Please send mail to welcome@premium-speakers.com","robots":{"index":"index","follow":"follow","max-snippet":"max-snippet:-1","max-image-preview":"max-image-preview:large","max-video-preview":"max-video-preview:-1"},"canonical":"https:\/\/premium-speakers.com\/en\/about\/","og_locale":"en_US","og_type":"article","og_title":"We for You","og_description":"The Premium Speakers Agency - Inspirational & Motivational Speaker. How can we assist you? Please send mail to welcome@premium-speakers.com","og_url":"https:\/\/premium-speakers.com\/en\/about\/","og_site_name":"Premium Speakers","article_publisher":"https:\/\/www.facebook.com\/PremiumSpeakers","article_modified_time":"2025-05-12T06:56:58+00:00","og_image":[{"width":1024,"height":683,"url":"https:\/\/premium-speakers.com\/wp-content\/uploads\/2018\/01\/404.jpg","type":"image\/jpeg"}],"twitter_card":"summary_large_image","twitter_site":"@PremiumSpeakers","twitter_misc":{"Est. reading time":"2 minutes"},"schema":{"@context":"https:\/\/schema.org","@graph":[{"@type":"WebPage","@id":"https:\/\/premium-speakers.com\/en\/about\/","url":"https:\/\/premium-speakers.com\/en\/about\/","name":"How can we assist you? | The Premium Speakers Agency","isPartOf":{"@id":"https:\/\/premium-speakers.com\/en\/#website"},"primaryImageOfPage":{"@id":"https:\/\/premium-speakers.com\/en\/about\/#primaryimage"},"image":{"@id":"https:\/\/premium-speakers.com\/en\/about\/#primaryimage"},"thumbnailUrl":"https:\/\/premium-speakers.com\/wp-content\/uploads\/2018\/01\/404.jpg","datePublished":"2018-01-26T15:41:58+00:00","dateModified":"2025-05-12T06:56:58+00:00","description":"The Premium Speakers Agency - Inspirational & Motivational Speaker. How can we assist you? Please send mail to welcome@premium-speakers.com","breadcrumb":{"@id":"https:\/\/premium-speakers.com\/en\/about\/#breadcrumb"},"inLanguage":"en-US","potentialAction":[{"@type":"ReadAction","target":["https:\/\/premium-speakers.com\/en\/about\/"]}]},{"@type":"ImageObject","inLanguage":"en-US","@id":"https:\/\/premium-speakers.com\/en\/about\/#primaryimage","url":"https:\/\/premium-speakers.com\/wp-content\/uploads\/2018\/01\/404.jpg","contentUrl":"https:\/\/premium-speakers.com\/wp-content\/uploads\/2018\/01\/404.jpg","width":1024,"height":683,"caption":"Redneragentur Premium Speakers - Ueber uns"},{"@type":"BreadcrumbList","@id":"https:\/\/premium-speakers.com\/en\/about\/#breadcrumb","itemListElement":[{"@type":"ListItem","position":1,"name":"Home","item":"https:\/\/premium-speakers.com\/en\/"},{"@type":"ListItem","position":2,"name":"We for You"}]},{"@type":"WebSite","@id":"https:\/\/premium-speakers.com\/en\/#website","url":"https:\/\/premium-speakers.com\/en\/","name":"Premium Speakers","description":"Agentur f\u00fcr Referenten Vermittlung","publisher":{"@id":"https:\/\/premium-speakers.com\/en\/#organization"},"potentialAction":[{"@type":"SearchAction","target":{"@type":"EntryPoint","urlTemplate":"https:\/\/premium-speakers.com\/en\/?s={search_term_string}"},"query-input":{"@type":"PropertyValueSpecification","valueRequired":true,"valueName":"search_term_string"}}],"inLanguage":"en-US"},{"@type":"Organization","@id":"https:\/\/premium-speakers.com\/en\/#organization","name":"Premium Speakers","url":"https:\/\/premium-speakers.com\/en\/","logo":{"@type":"ImageObject","inLanguage":"en-US","@id":"https:\/\/premium-speakers.com\/en\/#\/schema\/logo\/image\/","url":"https:\/\/premium-speakers.com\/wp-content\/uploads\/2018\/03\/logo.png","contentUrl":"https:\/\/premium-speakers.com\/wp-content\/uploads\/2018\/03\/logo.png","width":1534,"height":722,"caption":"Premium Speakers"},"image":{"@id":"https:\/\/premium-speakers.com\/en\/#\/schema\/logo\/image\/"},"sameAs":["https:\/\/www.facebook.com\/PremiumSpeakers","https:\/\/x.com\/PremiumSpeakers","https:\/\/www.instagram.com\/premium_speakers\/","https:\/\/www.linkedin.com\/company\/premium-speakers","https:\/\/www.youtube.com\/channel\/UCrb9-cJEYUpbyi6KMAmZlCQ"]}]}},"_links":{"self":[{"href":"https:\/\/premium-speakers.com\/en\/wp-json\/wp\/v2\/pages\/54253","targetHints":{"allow":["GET"]}}],"collection":[{"href":"https:\/\/premium-speakers.com\/en\/wp-json\/wp\/v2\/pages"}],"about":[{"href":"https:\/\/premium-speakers.com\/en\/wp-json\/wp\/v2\/types\/page"}],"author":[{"embeddable":true,"href":"https:\/\/premium-speakers.com\/en\/wp-json\/wp\/v2\/users\/1"}],"replies":[{"embeddable":true,"href":"https:\/\/premium-speakers.com\/en\/wp-json\/wp\/v2\/comments?post=54253"}],"version-history":[{"count":0,"href":"https:\/\/premium-speakers.com\/en\/wp-json\/wp\/v2\/pages\/54253\/revisions"}],"wp:featuredmedia":[{"embeddable":true,"href":"https:\/\/premium-speakers.com\/en\/wp-json\/wp\/v2\/media\/42682"}],"wp:attachment":[{"href":"https:\/\/premium-speakers.com\/en\/wp-json\/wp\/v2\/media?parent=54253"}],"curies":[{"name":"wp","href":"https:\/\/api.w.org\/{rel}","templated":true}]}}